{"id":609,"date":"2023-01-23T09:47:45","date_gmt":"2023-01-23T09:47:45","guid":{"rendered":"https:\/\/hymashop.com\/?post_type=product&#038;p=609"},"modified":"2026-04-12T21:07:14","modified_gmt":"2026-04-12T21:07:14","slug":"bleu","status":"publish","type":"product","link":"https:\/\/hymashop.com\/fr\/shop\/new-arrivals\/bleu\/","title":{"rendered":"Bleu (Set of 5 Strands)"},"content":{"rendered":"<p>Blue Crystals with glow-in-the-dark beads. These are perfect for people who want something different from what they normally see and use.<\/p>","protected":false},"excerpt":{"rendered":"<p>Blue Crystals with glow-in-the-dark beads. These are perfect for people who want something different from what they normally see and use.<\/p>","protected":false},"featured_media":610,"comment_status":"open","ping_status":"closed","template":"","meta":[],"product_brand":[],"product_cat":[18,20],"product_tag":[39,38],"class_list":{"0":"post-609","1":"product","2":"type-product","3":"status-publish","4":"has-post-thumbnail","6":"product_cat-new-arrivals","7":"product_cat-waist-beads","8":"product_tag-crystals","9":"product_tag-glow-in-dark","11":"first","12":"instock","13":"taxable","14":"shipping-taxable","15":"purchasable","16":"product-type-variable"},"yoast_head":"<!-- This site is optimized with the Yoast SEO plugin v27.4 - https:\/\/yoast.com\/product\/yoast-seo-wordpress\/ -->\n<title>Bleu (Set of 5 Strands) - HYMA Shop<\/title>\n<meta name=\"description\" content=\"Perles phosphorescentes\/ brille dans le noir m\u00e9lang\u00e9es \u00e0 des cristaux bleus. Il est petit et ne dessine pas dans les vetements\" \/>\n<meta name=\"robots\" content=\"index, follow, max-snippet:-1, max-image-preview:large, max-video-preview:-1\" \/>\n<link rel=\"canonical\" href=\"https:\/\/hymashop.com\/fr\/shop\/new-arrivals\/bleu\/\" \/>\n<meta property=\"og:locale\" content=\"fr_FR\" \/>\n<meta property=\"og:type\" content=\"article\" \/>\n<meta property=\"og:title\" content=\"Bleu (Set of 5 Strands) - HYMA Shop\" \/>\n<meta property=\"og:description\" content=\"Perles phosphorescentes\/ brille dans le noir m\u00e9lang\u00e9es \u00e0 des cristaux bleus. Il est petit et ne dessine pas dans les vetements\" \/>\n<meta property=\"og:url\" content=\"https:\/\/hymashop.com\/fr\/shop\/new-arrivals\/bleu\/\" \/>\n<meta property=\"og:site_name\" content=\"HYMA Shop\" \/>\n<meta property=\"article:publisher\" content=\"https:\/\/web.facebook.com\/people\/HYMA-Accessories\/100063648482834\/\" \/>\n<meta property=\"article:modified_time\" content=\"2026-04-12T21:07:14+00:00\" \/>\n<meta property=\"og:image\" content=\"https:\/\/hymashop.com\/wp-content\/uploads\/2023\/01\/Bleu-blue-crystals-with-glow-in-the-dark.jpg\" \/>\n\t<meta property=\"og:image:width\" content=\"1200\" \/>\n\t<meta property=\"og:image:height\" content=\"1200\" \/>\n\t<meta property=\"og:image:type\" content=\"image\/jpeg\" \/>\n<meta name=\"twitter:card\" content=\"summary_large_image\" \/>\n<meta name=\"twitter:site\" content=\"@HymaAcademy\" \/>\n<meta name=\"twitter:label1\" content=\"Dur\u00e9e de lecture estim\u00e9e\" \/>\n\t<meta name=\"twitter:data1\" content=\"1 minute\" \/>\n<script type=\"application\/ld+json\" class=\"yoast-schema-graph\">{\"@context\":\"https:\\\/\\\/schema.org\",\"@graph\":[{\"@type\":\"WebPage\",\"@id\":\"https:\\\/\\\/hymashop.com\\\/shop\\\/new-arrivals\\\/bleu\\\/\",\"url\":\"https:\\\/\\\/hymashop.com\\\/shop\\\/new-arrivals\\\/bleu\\\/\",\"name\":\"Bleu (Set of 5 Strands) - HYMA Shop\",\"isPartOf\":{\"@id\":\"https:\\\/\\\/hymashop.com\\\/#website\"},\"primaryImageOfPage\":{\"@id\":\"https:\\\/\\\/hymashop.com\\\/shop\\\/new-arrivals\\\/bleu\\\/#primaryimage\"},\"image\":{\"@id\":\"https:\\\/\\\/hymashop.com\\\/shop\\\/new-arrivals\\\/bleu\\\/#primaryimage\"},\"thumbnailUrl\":\"https:\\\/\\\/hymashop.com\\\/wp-content\\\/uploads\\\/2023\\\/01\\\/Bleu-blue-crystals-with-glow-in-the-dark.jpg\",\"datePublished\":\"2023-01-23T09:47:45+00:00\",\"dateModified\":\"2026-04-12T21:07:14+00:00\",\"description\":\"Perles phosphorescentes\\\/ brille dans le noir m\u00e9lang\u00e9es \u00e0 des cristaux bleus. Il est petit et ne dessine pas dans les vetements\",\"breadcrumb\":{\"@id\":\"https:\\\/\\\/hymashop.com\\\/shop\\\/new-arrivals\\\/bleu\\\/#breadcrumb\"},\"inLanguage\":\"fr-FR\",\"potentialAction\":[{\"@type\":\"ReadAction\",\"target\":[\"https:\\\/\\\/hymashop.com\\\/shop\\\/new-arrivals\\\/bleu\\\/\"]}]},{\"@type\":\"ImageObject\",\"inLanguage\":\"fr-FR\",\"@id\":\"https:\\\/\\\/hymashop.com\\\/shop\\\/new-arrivals\\\/bleu\\\/#primaryimage\",\"url\":\"https:\\\/\\\/hymashop.com\\\/wp-content\\\/uploads\\\/2023\\\/01\\\/Bleu-blue-crystals-with-glow-in-the-dark.jpg\",\"contentUrl\":\"https:\\\/\\\/hymashop.com\\\/wp-content\\\/uploads\\\/2023\\\/01\\\/Bleu-blue-crystals-with-glow-in-the-dark.jpg\",\"width\":1200,\"height\":1200,\"caption\":\"Bleu-blue crystals with glow in the dark\"},{\"@type\":\"BreadcrumbList\",\"@id\":\"https:\\\/\\\/hymashop.com\\\/shop\\\/new-arrivals\\\/bleu\\\/#breadcrumb\",\"itemListElement\":[{\"@type\":\"ListItem\",\"position\":1,\"name\":\"Home\",\"item\":\"https:\\\/\\\/hymashop.com\\\/\"},{\"@type\":\"ListItem\",\"position\":2,\"name\":\"Shop\",\"item\":\"https:\\\/\\\/hymashop.com\\\/fr\\\/shop\\\/\"},{\"@type\":\"ListItem\",\"position\":3,\"name\":\"Bleu\"}]},{\"@type\":\"WebSite\",\"@id\":\"https:\\\/\\\/hymashop.com\\\/#website\",\"url\":\"https:\\\/\\\/hymashop.com\\\/\",\"name\":\"HYMA Shop\",\"description\":\"Online shop for HYMA Accessories\",\"publisher\":{\"@id\":\"https:\\\/\\\/hymashop.com\\\/#organization\"},\"potentialAction\":[{\"@type\":\"SearchAction\",\"target\":{\"@type\":\"EntryPoint\",\"urlTemplate\":\"https:\\\/\\\/hymashop.com\\\/?s={search_term_string}\"},\"query-input\":{\"@type\":\"PropertyValueSpecification\",\"valueRequired\":true,\"valueName\":\"search_term_string\"}}],\"inLanguage\":\"fr-FR\"},{\"@type\":\"Organization\",\"@id\":\"https:\\\/\\\/hymashop.com\\\/#organization\",\"name\":\"HYMA Shop\",\"url\":\"https:\\\/\\\/hymashop.com\\\/\",\"logo\":{\"@type\":\"ImageObject\",\"inLanguage\":\"fr-FR\",\"@id\":\"https:\\\/\\\/hymashop.com\\\/#\\\/schema\\\/logo\\\/image\\\/\",\"url\":\"https:\\\/\\\/hymashop.com\\\/wp-content\\\/uploads\\\/2022\\\/10\\\/HYMA-web-logo-e1665865478458.png\",\"contentUrl\":\"https:\\\/\\\/hymashop.com\\\/wp-content\\\/uploads\\\/2022\\\/10\\\/HYMA-web-logo-e1665865478458.png\",\"width\":2088,\"height\":720,\"caption\":\"HYMA Shop\"},\"image\":{\"@id\":\"https:\\\/\\\/hymashop.com\\\/#\\\/schema\\\/logo\\\/image\\\/\"},\"sameAs\":[\"https:\\\/\\\/web.facebook.com\\\/people\\\/HYMA-Accessories\\\/100063648482834\\\/\",\"https:\\\/\\\/x.com\\\/HymaAcademy\"]}]}<\/script>\n<!-- \/ Yoast SEO plugin. -->","yoast_head_json":{"title":"Bleu (Set of 5 Strands) - HYMA Shop","description":"Perles phosphorescentes\/ brille dans le noir m\u00e9lang\u00e9es \u00e0 des cristaux bleus. Il est petit et ne dessine pas dans les vetements","robots":{"index":"index","follow":"follow","max-snippet":"max-snippet:-1","max-image-preview":"max-image-preview:large","max-video-preview":"max-video-preview:-1"},"canonical":"https:\/\/hymashop.com\/fr\/shop\/new-arrivals\/bleu\/","og_locale":"fr_FR","og_type":"article","og_title":"Bleu (Set of 5 Strands) - HYMA Shop","og_description":"Perles phosphorescentes\/ brille dans le noir m\u00e9lang\u00e9es \u00e0 des cristaux bleus. Il est petit et ne dessine pas dans les vetements","og_url":"https:\/\/hymashop.com\/fr\/shop\/new-arrivals\/bleu\/","og_site_name":"HYMA Shop","article_publisher":"https:\/\/web.facebook.com\/people\/HYMA-Accessories\/100063648482834\/","article_modified_time":"2026-04-12T21:07:14+00:00","og_image":[{"width":1200,"height":1200,"url":"https:\/\/hymashop.com\/wp-content\/uploads\/2023\/01\/Bleu-blue-crystals-with-glow-in-the-dark.jpg","type":"image\/jpeg"}],"twitter_card":"summary_large_image","twitter_site":"@HymaAcademy","twitter_misc":{"Dur\u00e9e de lecture estim\u00e9e":"1 minute"},"schema":{"@context":"https:\/\/schema.org","@graph":[{"@type":"WebPage","@id":"https:\/\/hymashop.com\/shop\/new-arrivals\/bleu\/","url":"https:\/\/hymashop.com\/shop\/new-arrivals\/bleu\/","name":"Bleu (Set of 5 Strands) - HYMA Shop","isPartOf":{"@id":"https:\/\/hymashop.com\/#website"},"primaryImageOfPage":{"@id":"https:\/\/hymashop.com\/shop\/new-arrivals\/bleu\/#primaryimage"},"image":{"@id":"https:\/\/hymashop.com\/shop\/new-arrivals\/bleu\/#primaryimage"},"thumbnailUrl":"https:\/\/hymashop.com\/wp-content\/uploads\/2023\/01\/Bleu-blue-crystals-with-glow-in-the-dark.jpg","datePublished":"2023-01-23T09:47:45+00:00","dateModified":"2026-04-12T21:07:14+00:00","description":"Perles phosphorescentes\/ brille dans le noir m\u00e9lang\u00e9es \u00e0 des cristaux bleus. Il est petit et ne dessine pas dans les vetements","breadcrumb":{"@id":"https:\/\/hymashop.com\/shop\/new-arrivals\/bleu\/#breadcrumb"},"inLanguage":"fr-FR","potentialAction":[{"@type":"ReadAction","target":["https:\/\/hymashop.com\/shop\/new-arrivals\/bleu\/"]}]},{"@type":"ImageObject","inLanguage":"fr-FR","@id":"https:\/\/hymashop.com\/shop\/new-arrivals\/bleu\/#primaryimage","url":"https:\/\/hymashop.com\/wp-content\/uploads\/2023\/01\/Bleu-blue-crystals-with-glow-in-the-dark.jpg","contentUrl":"https:\/\/hymashop.com\/wp-content\/uploads\/2023\/01\/Bleu-blue-crystals-with-glow-in-the-dark.jpg","width":1200,"height":1200,"caption":"Bleu-blue crystals with glow in the dark"},{"@type":"BreadcrumbList","@id":"https:\/\/hymashop.com\/shop\/new-arrivals\/bleu\/#breadcrumb","itemListElement":[{"@type":"ListItem","position":1,"name":"Home","item":"https:\/\/hymashop.com\/"},{"@type":"ListItem","position":2,"name":"Shop","item":"https:\/\/hymashop.com\/fr\/shop\/"},{"@type":"ListItem","position":3,"name":"Bleu"}]},{"@type":"WebSite","@id":"https:\/\/hymashop.com\/#website","url":"https:\/\/hymashop.com\/","name":"Boutique HYMA","description":"Online shop for HYMA Accessories","publisher":{"@id":"https:\/\/hymashop.com\/#organization"},"potentialAction":[{"@type":"SearchAction","target":{"@type":"EntryPoint","urlTemplate":"https:\/\/hymashop.com\/?s={search_term_string}"},"query-input":{"@type":"PropertyValueSpecification","valueRequired":true,"valueName":"search_term_string"}}],"inLanguage":"fr-FR"},{"@type":"Organization","@id":"https:\/\/hymashop.com\/#organization","name":"Boutique HYMA","url":"https:\/\/hymashop.com\/","logo":{"@type":"ImageObject","inLanguage":"fr-FR","@id":"https:\/\/hymashop.com\/#\/schema\/logo\/image\/","url":"https:\/\/hymashop.com\/wp-content\/uploads\/2022\/10\/HYMA-web-logo-e1665865478458.png","contentUrl":"https:\/\/hymashop.com\/wp-content\/uploads\/2022\/10\/HYMA-web-logo-e1665865478458.png","width":2088,"height":720,"caption":"HYMA Shop"},"image":{"@id":"https:\/\/hymashop.com\/#\/schema\/logo\/image\/"},"sameAs":["https:\/\/web.facebook.com\/people\/HYMA-Accessories\/100063648482834\/","https:\/\/x.com\/HymaAcademy"]}]}},"_links":{"self":[{"href":"https:\/\/hymashop.com\/fr\/wp-json\/wp\/v2\/product\/609","targetHints":{"allow":["GET"]}}],"collection":[{"href":"https:\/\/hymashop.com\/fr\/wp-json\/wp\/v2\/product"}],"about":[{"href":"https:\/\/hymashop.com\/fr\/wp-json\/wp\/v2\/types\/product"}],"replies":[{"embeddable":true,"href":"https:\/\/hymashop.com\/fr\/wp-json\/wp\/v2\/comments?post=609"}],"wp:featuredmedia":[{"embeddable":true,"href":"https:\/\/hymashop.com\/fr\/wp-json\/wp\/v2\/media\/610"}],"wp:attachment":[{"href":"https:\/\/hymashop.com\/fr\/wp-json\/wp\/v2\/media?parent=609"}],"wp:term":[{"taxonomy":"product_brand","embeddable":true,"href":"https:\/\/hymashop.com\/fr\/wp-json\/wp\/v2\/product_brand?post=609"},{"taxonomy":"product_cat","embeddable":true,"href":"https:\/\/hymashop.com\/fr\/wp-json\/wp\/v2\/product_cat?post=609"},{"taxonomy":"product_tag","embeddable":true,"href":"https:\/\/hymashop.com\/fr\/wp-json\/wp\/v2\/product_tag?post=609"}],"curies":[{"name":"wp","href":"https:\/\/api.w.org\/{rel}","templated":true}]}}