{"id":637,"date":"2023-01-24T01:05:20","date_gmt":"2023-01-24T01:05:20","guid":{"rendered":"https:\/\/hymashop.com\/?post_type=product&#038;p=637"},"modified":"2025-08-27T22:45:23","modified_gmt":"2025-08-27T22:45:23","slug":"butterfly","status":"publish","type":"product","link":"https:\/\/hymashop.com\/fr\/shop\/waist-beads\/butterfly\/","title":{"rendered":"Papillion (Set of 5 Strands)"},"content":{"rendered":"<p>Embrace a touch of magic with the <b>Papillion<\/b> waist beads. This unique set includes five handcrafted strands, each adorned with enchanting, butterfly-shaped beads that beautifully glow in the dark. The soft, frosted appearance of the butterflies is perfectly complemented by vibrant, faceted yellow crystal beads that add a brilliant sparkle and a pop of sunny color.<\/p>\n<p>Designed for those who love playful and ethereal accessories, the Papillion set is perfect for adding a whimsical and charming element to your style. Wear them as a complete layered set to create a stunning effect or mix them with other beads for a customized look.<\/p>","protected":false},"excerpt":{"rendered":"<p>A whimsical set of <b>5 Papillion waist bead strands<\/b>, featuring delicate glow-in-the-dark butterfly-shaped beads and sparkling yellow crystal accents.<\/p>","protected":false},"featured_media":391,"comment_status":"open","ping_status":"closed","template":"","meta":[],"product_brand":[],"product_cat":[20],"product_tag":[],"class_list":{"0":"post-637","1":"product","2":"type-product","3":"status-publish","4":"has-post-thumbnail","6":"product_cat-waist-beads","8":"first","9":"instock","10":"featured","11":"taxable","12":"shipping-taxable","13":"purchasable","14":"product-type-variable"},"yoast_head":"<!-- This site is optimized with the Yoast SEO plugin v27.4 - https:\/\/yoast.com\/product\/yoast-seo-wordpress\/ -->\n<title>Papillion (Set of 5 Strands) - HYMA Shop<\/title>\n<meta name=\"description\" content=\"Lueur en forme de papillon dans le noir avec des toupies jaunes enfil\u00e9es dans une ceinture. Il est de taille moyenne. Id\u00e9al pour toutes les tailles de corps et peut \u00eatre redimensionn\u00e9\" \/>\n<meta name=\"robots\" content=\"index, follow, max-snippet:-1, max-image-preview:large, max-video-preview:-1\" \/>\n<link rel=\"canonical\" href=\"https:\/\/hymashop.com\/fr\/shop\/new-arrivals\/butterfly\/\" \/>\n<meta property=\"og:locale\" content=\"fr_FR\" \/>\n<meta property=\"og:type\" content=\"article\" \/>\n<meta property=\"og:title\" content=\"Papillion (Set of 5 Strands) - HYMA Shop\" \/>\n<meta property=\"og:description\" content=\"Lueur en forme de papillon dans le noir avec des toupies jaunes enfil\u00e9es dans une ceinture. Il est de taille moyenne. Id\u00e9al pour toutes les tailles de corps et peut \u00eatre redimensionn\u00e9\" \/>\n<meta property=\"og:url\" content=\"https:\/\/hymashop.com\/fr\/shop\/new-arrivals\/butterfly\/\" \/>\n<meta property=\"og:site_name\" content=\"HYMA Shop\" \/>\n<meta property=\"article:publisher\" content=\"https:\/\/web.facebook.com\/people\/HYMA-Accessories\/100063648482834\/\" \/>\n<meta property=\"article:modified_time\" content=\"2025-08-27T22:45:23+00:00\" \/>\n<meta property=\"og:image\" content=\"https:\/\/hymashop.com\/wp-content\/uploads\/2022\/10\/contact-hyma-accessories-e1686757353624.png\" \/>\n\t<meta property=\"og:image:width\" content=\"1000\" \/>\n\t<meta property=\"og:image:height\" content=\"563\" \/>\n\t<meta property=\"og:image:type\" content=\"image\/png\" \/>\n<meta name=\"twitter:card\" content=\"summary_large_image\" \/>\n<meta name=\"twitter:site\" content=\"@HymaAcademy\" \/>\n<meta name=\"twitter:label1\" content=\"Dur\u00e9e de lecture estim\u00e9e\" \/>\n\t<meta name=\"twitter:data1\" content=\"1 minute\" \/>\n<script type=\"application\/ld+json\" class=\"yoast-schema-graph\">{\"@context\":\"https:\\\/\\\/schema.org\",\"@graph\":[{\"@type\":\"WebPage\",\"@id\":\"https:\\\/\\\/hymashop.com\\\/shop\\\/new-arrivals\\\/butterfly\\\/\",\"url\":\"https:\\\/\\\/hymashop.com\\\/shop\\\/new-arrivals\\\/butterfly\\\/\",\"name\":\"Papillion (Set of 5 Strands) - HYMA Shop\",\"isPartOf\":{\"@id\":\"https:\\\/\\\/hymashop.com\\\/#website\"},\"primaryImageOfPage\":{\"@id\":\"https:\\\/\\\/hymashop.com\\\/shop\\\/new-arrivals\\\/butterfly\\\/#primaryimage\"},\"image\":{\"@id\":\"https:\\\/\\\/hymashop.com\\\/shop\\\/new-arrivals\\\/butterfly\\\/#primaryimage\"},\"thumbnailUrl\":\"https:\\\/\\\/hymashop.com\\\/wp-content\\\/uploads\\\/2022\\\/10\\\/contact-hyma-accessories-e1686757353624.png\",\"datePublished\":\"2023-01-24T01:05:20+00:00\",\"dateModified\":\"2025-08-27T22:45:23+00:00\",\"description\":\"Lueur en forme de papillon dans le noir avec des toupies jaunes enfil\u00e9es dans une ceinture. Il est de taille moyenne. Id\u00e9al pour toutes les tailles de corps et peut \u00eatre redimensionn\u00e9\",\"breadcrumb\":{\"@id\":\"https:\\\/\\\/hymashop.com\\\/shop\\\/new-arrivals\\\/butterfly\\\/#breadcrumb\"},\"inLanguage\":\"fr-FR\",\"potentialAction\":[{\"@type\":\"ReadAction\",\"target\":[\"https:\\\/\\\/hymashop.com\\\/shop\\\/new-arrivals\\\/butterfly\\\/\"]}]},{\"@type\":\"ImageObject\",\"inLanguage\":\"fr-FR\",\"@id\":\"https:\\\/\\\/hymashop.com\\\/shop\\\/new-arrivals\\\/butterfly\\\/#primaryimage\",\"url\":\"https:\\\/\\\/hymashop.com\\\/wp-content\\\/uploads\\\/2022\\\/10\\\/contact-hyma-accessories-e1686757353624.png\",\"contentUrl\":\"https:\\\/\\\/hymashop.com\\\/wp-content\\\/uploads\\\/2022\\\/10\\\/contact-hyma-accessories-e1686757353624.png\",\"width\":1000,\"height\":563},{\"@type\":\"BreadcrumbList\",\"@id\":\"https:\\\/\\\/hymashop.com\\\/shop\\\/new-arrivals\\\/butterfly\\\/#breadcrumb\",\"itemListElement\":[{\"@type\":\"ListItem\",\"position\":1,\"name\":\"Home\",\"item\":\"https:\\\/\\\/hymashop.com\\\/\"},{\"@type\":\"ListItem\",\"position\":2,\"name\":\"Shop\",\"item\":\"https:\\\/\\\/hymashop.com\\\/fr\\\/shop\\\/\"},{\"@type\":\"ListItem\",\"position\":3,\"name\":\"Papillion\"}]},{\"@type\":\"WebSite\",\"@id\":\"https:\\\/\\\/hymashop.com\\\/#website\",\"url\":\"https:\\\/\\\/hymashop.com\\\/\",\"name\":\"HYMA Shop\",\"description\":\"Online shop for HYMA Accessories\",\"publisher\":{\"@id\":\"https:\\\/\\\/hymashop.com\\\/#organization\"},\"potentialAction\":[{\"@type\":\"SearchAction\",\"target\":{\"@type\":\"EntryPoint\",\"urlTemplate\":\"https:\\\/\\\/hymashop.com\\\/?s={search_term_string}\"},\"query-input\":{\"@type\":\"PropertyValueSpecification\",\"valueRequired\":true,\"valueName\":\"search_term_string\"}}],\"inLanguage\":\"fr-FR\"},{\"@type\":\"Organization\",\"@id\":\"https:\\\/\\\/hymashop.com\\\/#organization\",\"name\":\"HYMA Shop\",\"url\":\"https:\\\/\\\/hymashop.com\\\/\",\"logo\":{\"@type\":\"ImageObject\",\"inLanguage\":\"fr-FR\",\"@id\":\"https:\\\/\\\/hymashop.com\\\/#\\\/schema\\\/logo\\\/image\\\/\",\"url\":\"https:\\\/\\\/hymashop.com\\\/wp-content\\\/uploads\\\/2022\\\/10\\\/HYMA-web-logo-e1665865478458.png\",\"contentUrl\":\"https:\\\/\\\/hymashop.com\\\/wp-content\\\/uploads\\\/2022\\\/10\\\/HYMA-web-logo-e1665865478458.png\",\"width\":2088,\"height\":720,\"caption\":\"HYMA Shop\"},\"image\":{\"@id\":\"https:\\\/\\\/hymashop.com\\\/#\\\/schema\\\/logo\\\/image\\\/\"},\"sameAs\":[\"https:\\\/\\\/web.facebook.com\\\/people\\\/HYMA-Accessories\\\/100063648482834\\\/\",\"https:\\\/\\\/x.com\\\/HymaAcademy\"]}]}<\/script>\n<!-- \/ Yoast SEO plugin. -->","yoast_head_json":{"title":"Papillion (Set of 5 Strands) - HYMA Shop","description":"Lueur en forme de papillon dans le noir avec des toupies jaunes enfil\u00e9es dans une ceinture. Il est de taille moyenne. Id\u00e9al pour toutes les tailles de corps et peut \u00eatre redimensionn\u00e9","robots":{"index":"index","follow":"follow","max-snippet":"max-snippet:-1","max-image-preview":"max-image-preview:large","max-video-preview":"max-video-preview:-1"},"canonical":"https:\/\/hymashop.com\/fr\/shop\/new-arrivals\/butterfly\/","og_locale":"fr_FR","og_type":"article","og_title":"Papillion (Set of 5 Strands) - HYMA Shop","og_description":"Lueur en forme de papillon dans le noir avec des toupies jaunes enfil\u00e9es dans une ceinture. Il est de taille moyenne. Id\u00e9al pour toutes les tailles de corps et peut \u00eatre redimensionn\u00e9","og_url":"https:\/\/hymashop.com\/fr\/shop\/new-arrivals\/butterfly\/","og_site_name":"HYMA Shop","article_publisher":"https:\/\/web.facebook.com\/people\/HYMA-Accessories\/100063648482834\/","article_modified_time":"2025-08-27T22:45:23+00:00","og_image":[{"width":1000,"height":563,"url":"https:\/\/hymashop.com\/wp-content\/uploads\/2022\/10\/contact-hyma-accessories-e1686757353624.png","type":"image\/png"}],"twitter_card":"summary_large_image","twitter_site":"@HymaAcademy","twitter_misc":{"Dur\u00e9e de lecture estim\u00e9e":"1 minute"},"schema":{"@context":"https:\/\/schema.org","@graph":[{"@type":"WebPage","@id":"https:\/\/hymashop.com\/shop\/new-arrivals\/butterfly\/","url":"https:\/\/hymashop.com\/shop\/new-arrivals\/butterfly\/","name":"Papillion (Set of 5 Strands) - HYMA Shop","isPartOf":{"@id":"https:\/\/hymashop.com\/#website"},"primaryImageOfPage":{"@id":"https:\/\/hymashop.com\/shop\/new-arrivals\/butterfly\/#primaryimage"},"image":{"@id":"https:\/\/hymashop.com\/shop\/new-arrivals\/butterfly\/#primaryimage"},"thumbnailUrl":"https:\/\/hymashop.com\/wp-content\/uploads\/2022\/10\/contact-hyma-accessories-e1686757353624.png","datePublished":"2023-01-24T01:05:20+00:00","dateModified":"2025-08-27T22:45:23+00:00","description":"Lueur en forme de papillon dans le noir avec des toupies jaunes enfil\u00e9es dans une ceinture. Il est de taille moyenne. Id\u00e9al pour toutes les tailles de corps et peut \u00eatre redimensionn\u00e9","breadcrumb":{"@id":"https:\/\/hymashop.com\/shop\/new-arrivals\/butterfly\/#breadcrumb"},"inLanguage":"fr-FR","potentialAction":[{"@type":"ReadAction","target":["https:\/\/hymashop.com\/shop\/new-arrivals\/butterfly\/"]}]},{"@type":"ImageObject","inLanguage":"fr-FR","@id":"https:\/\/hymashop.com\/shop\/new-arrivals\/butterfly\/#primaryimage","url":"https:\/\/hymashop.com\/wp-content\/uploads\/2022\/10\/contact-hyma-accessories-e1686757353624.png","contentUrl":"https:\/\/hymashop.com\/wp-content\/uploads\/2022\/10\/contact-hyma-accessories-e1686757353624.png","width":1000,"height":563},{"@type":"BreadcrumbList","@id":"https:\/\/hymashop.com\/shop\/new-arrivals\/butterfly\/#breadcrumb","itemListElement":[{"@type":"ListItem","position":1,"name":"Home","item":"https:\/\/hymashop.com\/"},{"@type":"ListItem","position":2,"name":"Shop","item":"https:\/\/hymashop.com\/fr\/shop\/"},{"@type":"ListItem","position":3,"name":"Papillion"}]},{"@type":"WebSite","@id":"https:\/\/hymashop.com\/#website","url":"https:\/\/hymashop.com\/","name":"Boutique HYMA","description":"Online shop for HYMA Accessories","publisher":{"@id":"https:\/\/hymashop.com\/#organization"},"potentialAction":[{"@type":"SearchAction","target":{"@type":"EntryPoint","urlTemplate":"https:\/\/hymashop.com\/?s={search_term_string}"},"query-input":{"@type":"PropertyValueSpecification","valueRequired":true,"valueName":"search_term_string"}}],"inLanguage":"fr-FR"},{"@type":"Organization","@id":"https:\/\/hymashop.com\/#organization","name":"Boutique HYMA","url":"https:\/\/hymashop.com\/","logo":{"@type":"ImageObject","inLanguage":"fr-FR","@id":"https:\/\/hymashop.com\/#\/schema\/logo\/image\/","url":"https:\/\/hymashop.com\/wp-content\/uploads\/2022\/10\/HYMA-web-logo-e1665865478458.png","contentUrl":"https:\/\/hymashop.com\/wp-content\/uploads\/2022\/10\/HYMA-web-logo-e1665865478458.png","width":2088,"height":720,"caption":"HYMA Shop"},"image":{"@id":"https:\/\/hymashop.com\/#\/schema\/logo\/image\/"},"sameAs":["https:\/\/web.facebook.com\/people\/HYMA-Accessories\/100063648482834\/","https:\/\/x.com\/HymaAcademy"]}]}},"_links":{"self":[{"href":"https:\/\/hymashop.com\/fr\/wp-json\/wp\/v2\/product\/637","targetHints":{"allow":["GET"]}}],"collection":[{"href":"https:\/\/hymashop.com\/fr\/wp-json\/wp\/v2\/product"}],"about":[{"href":"https:\/\/hymashop.com\/fr\/wp-json\/wp\/v2\/types\/product"}],"replies":[{"embeddable":true,"href":"https:\/\/hymashop.com\/fr\/wp-json\/wp\/v2\/comments?post=637"}],"wp:featuredmedia":[{"embeddable":true,"href":"https:\/\/hymashop.com\/fr\/wp-json\/wp\/v2\/media\/391"}],"wp:attachment":[{"href":"https:\/\/hymashop.com\/fr\/wp-json\/wp\/v2\/media?parent=637"}],"wp:term":[{"taxonomy":"product_brand","embeddable":true,"href":"https:\/\/hymashop.com\/fr\/wp-json\/wp\/v2\/product_brand?post=637"},{"taxonomy":"product_cat","embeddable":true,"href":"https:\/\/hymashop.com\/fr\/wp-json\/wp\/v2\/product_cat?post=637"},{"taxonomy":"product_tag","embeddable":true,"href":"https:\/\/hymashop.com\/fr\/wp-json\/wp\/v2\/product_tag?post=637"}],"curies":[{"name":"wp","href":"https:\/\/api.w.org\/{rel}","templated":true}]}}