{"id":712,"date":"2023-02-04T00:56:55","date_gmt":"2023-02-04T00:56:55","guid":{"rendered":"https:\/\/hymashop.com\/?post_type=product&#038;p=712"},"modified":"2025-08-28T12:19:37","modified_gmt":"2025-08-28T12:19:37","slug":"maha","status":"publish","type":"product","link":"https:\/\/hymashop.com\/fr\/shop\/new-arrivals\/maha\/","title":{"rendered":"Maha"},"content":{"rendered":"<p>A beautiful set of anklets worn together<\/p>","protected":false},"excerpt":{"rendered":"<p>A beautiful set of anklets worn together<\/p>","protected":false},"featured_media":713,"comment_status":"open","ping_status":"closed","template":"","meta":[],"product_brand":[],"product_cat":[24,18],"product_tag":[60,61],"class_list":{"0":"post-712","1":"product","2":"type-product","3":"status-publish","4":"has-post-thumbnail","6":"product_cat-anklets","7":"product_cat-new-arrivals","8":"product_tag-grouped-anklets","9":"product_tag-maha","11":"first","12":"instock","13":"shipping-taxable","14":"purchasable","15":"product-type-simple"},"yoast_head":"<!-- This site is optimized with the Yoast SEO plugin v27.4 - https:\/\/yoast.com\/product\/yoast-seo-wordpress\/ -->\n<title>Maha - HYMA Shop<\/title>\n<meta name=\"description\" content=\"Un store de tr\u00e8s petites perles enfil\u00e9es dans un bracelet de cheville. Cet ensemble de bracelets de cheville 5 en 1 peut \u00eatre port\u00e9 ensemble comme on le voit sur la photo ou en simple.\" \/>\n<meta name=\"robots\" content=\"index, follow, max-snippet:-1, max-image-preview:large, max-video-preview:-1\" \/>\n<link rel=\"canonical\" href=\"https:\/\/hymashop.com\/fr\/shop\/new-arrivals\/maha\/\" \/>\n<meta property=\"og:locale\" content=\"fr_FR\" \/>\n<meta property=\"og:type\" content=\"article\" \/>\n<meta property=\"og:title\" content=\"Maha - HYMA Shop\" \/>\n<meta property=\"og:description\" content=\"Un store de tr\u00e8s petites perles enfil\u00e9es dans un bracelet de cheville. Cet ensemble de bracelets de cheville 5 en 1 peut \u00eatre port\u00e9 ensemble comme on le voit sur la photo ou en simple.\" \/>\n<meta property=\"og:url\" content=\"https:\/\/hymashop.com\/fr\/shop\/new-arrivals\/maha\/\" \/>\n<meta property=\"og:site_name\" content=\"HYMA Shop\" \/>\n<meta property=\"article:publisher\" content=\"https:\/\/web.facebook.com\/people\/HYMA-Accessories\/100063648482834\/\" \/>\n<meta property=\"article:modified_time\" content=\"2025-08-28T12:19:37+00:00\" \/>\n<meta property=\"og:image\" content=\"https:\/\/hymashop.com\/wp-content\/uploads\/2023\/02\/Maha_.jpg\" \/>\n\t<meta property=\"og:image:width\" content=\"720\" \/>\n\t<meta property=\"og:image:height\" content=\"720\" \/>\n\t<meta property=\"og:image:type\" content=\"image\/jpeg\" \/>\n<meta name=\"twitter:card\" content=\"summary_large_image\" \/>\n<meta name=\"twitter:site\" content=\"@HymaAcademy\" \/>\n<meta name=\"twitter:label1\" content=\"Dur\u00e9e de lecture estim\u00e9e\" \/>\n\t<meta name=\"twitter:data1\" content=\"1 minute\" \/>\n<script type=\"application\/ld+json\" class=\"yoast-schema-graph\">{\"@context\":\"https:\\\/\\\/schema.org\",\"@graph\":[{\"@type\":\"WebPage\",\"@id\":\"https:\\\/\\\/hymashop.com\\\/shop\\\/new-arrivals\\\/maha\\\/\",\"url\":\"https:\\\/\\\/hymashop.com\\\/shop\\\/new-arrivals\\\/maha\\\/\",\"name\":\"Maha - HYMA Shop\",\"isPartOf\":{\"@id\":\"https:\\\/\\\/hymashop.com\\\/#website\"},\"primaryImageOfPage\":{\"@id\":\"https:\\\/\\\/hymashop.com\\\/shop\\\/new-arrivals\\\/maha\\\/#primaryimage\"},\"image\":{\"@id\":\"https:\\\/\\\/hymashop.com\\\/shop\\\/new-arrivals\\\/maha\\\/#primaryimage\"},\"thumbnailUrl\":\"https:\\\/\\\/hymashop.com\\\/wp-content\\\/uploads\\\/2023\\\/02\\\/Maha_.jpg\",\"datePublished\":\"2023-02-04T00:56:55+00:00\",\"dateModified\":\"2025-08-28T12:19:37+00:00\",\"description\":\"Un store de tr\u00e8s petites perles enfil\u00e9es dans un bracelet de cheville. Cet ensemble de bracelets de cheville 5 en 1 peut \u00eatre port\u00e9 ensemble comme on le voit sur la photo ou en simple.\",\"breadcrumb\":{\"@id\":\"https:\\\/\\\/hymashop.com\\\/shop\\\/new-arrivals\\\/maha\\\/#breadcrumb\"},\"inLanguage\":\"fr-FR\",\"potentialAction\":[{\"@type\":\"ReadAction\",\"target\":[\"https:\\\/\\\/hymashop.com\\\/shop\\\/new-arrivals\\\/maha\\\/\"]}]},{\"@type\":\"ImageObject\",\"inLanguage\":\"fr-FR\",\"@id\":\"https:\\\/\\\/hymashop.com\\\/shop\\\/new-arrivals\\\/maha\\\/#primaryimage\",\"url\":\"https:\\\/\\\/hymashop.com\\\/wp-content\\\/uploads\\\/2023\\\/02\\\/Maha_.jpg\",\"contentUrl\":\"https:\\\/\\\/hymashop.com\\\/wp-content\\\/uploads\\\/2023\\\/02\\\/Maha_.jpg\",\"width\":720,\"height\":720},{\"@type\":\"BreadcrumbList\",\"@id\":\"https:\\\/\\\/hymashop.com\\\/shop\\\/new-arrivals\\\/maha\\\/#breadcrumb\",\"itemListElement\":[{\"@type\":\"ListItem\",\"position\":1,\"name\":\"Home\",\"item\":\"https:\\\/\\\/hymashop.com\\\/\"},{\"@type\":\"ListItem\",\"position\":2,\"name\":\"Shop\",\"item\":\"https:\\\/\\\/hymashop.com\\\/fr\\\/shop\\\/\"},{\"@type\":\"ListItem\",\"position\":3,\"name\":\"Maha\"}]},{\"@type\":\"WebSite\",\"@id\":\"https:\\\/\\\/hymashop.com\\\/#website\",\"url\":\"https:\\\/\\\/hymashop.com\\\/\",\"name\":\"HYMA Shop\",\"description\":\"Online shop for HYMA Accessories\",\"publisher\":{\"@id\":\"https:\\\/\\\/hymashop.com\\\/#organization\"},\"potentialAction\":[{\"@type\":\"SearchAction\",\"target\":{\"@type\":\"EntryPoint\",\"urlTemplate\":\"https:\\\/\\\/hymashop.com\\\/?s={search_term_string}\"},\"query-input\":{\"@type\":\"PropertyValueSpecification\",\"valueRequired\":true,\"valueName\":\"search_term_string\"}}],\"inLanguage\":\"fr-FR\"},{\"@type\":\"Organization\",\"@id\":\"https:\\\/\\\/hymashop.com\\\/#organization\",\"name\":\"HYMA Shop\",\"url\":\"https:\\\/\\\/hymashop.com\\\/\",\"logo\":{\"@type\":\"ImageObject\",\"inLanguage\":\"fr-FR\",\"@id\":\"https:\\\/\\\/hymashop.com\\\/#\\\/schema\\\/logo\\\/image\\\/\",\"url\":\"https:\\\/\\\/hymashop.com\\\/wp-content\\\/uploads\\\/2022\\\/10\\\/HYMA-web-logo-e1665865478458.png\",\"contentUrl\":\"https:\\\/\\\/hymashop.com\\\/wp-content\\\/uploads\\\/2022\\\/10\\\/HYMA-web-logo-e1665865478458.png\",\"width\":2088,\"height\":720,\"caption\":\"HYMA Shop\"},\"image\":{\"@id\":\"https:\\\/\\\/hymashop.com\\\/#\\\/schema\\\/logo\\\/image\\\/\"},\"sameAs\":[\"https:\\\/\\\/web.facebook.com\\\/people\\\/HYMA-Accessories\\\/100063648482834\\\/\",\"https:\\\/\\\/x.com\\\/HymaAcademy\"]}]}<\/script>\n<!-- \/ Yoast SEO plugin. -->","yoast_head_json":{"title":"Maha - HYMA Shop","description":"Un store de tr\u00e8s petites perles enfil\u00e9es dans un bracelet de cheville. Cet ensemble de bracelets de cheville 5 en 1 peut \u00eatre port\u00e9 ensemble comme on le voit sur la photo ou en simple.","robots":{"index":"index","follow":"follow","max-snippet":"max-snippet:-1","max-image-preview":"max-image-preview:large","max-video-preview":"max-video-preview:-1"},"canonical":"https:\/\/hymashop.com\/fr\/shop\/new-arrivals\/maha\/","og_locale":"fr_FR","og_type":"article","og_title":"Maha - HYMA Shop","og_description":"Un store de tr\u00e8s petites perles enfil\u00e9es dans un bracelet de cheville. Cet ensemble de bracelets de cheville 5 en 1 peut \u00eatre port\u00e9 ensemble comme on le voit sur la photo ou en simple.","og_url":"https:\/\/hymashop.com\/fr\/shop\/new-arrivals\/maha\/","og_site_name":"HYMA Shop","article_publisher":"https:\/\/web.facebook.com\/people\/HYMA-Accessories\/100063648482834\/","article_modified_time":"2025-08-28T12:19:37+00:00","og_image":[{"width":720,"height":720,"url":"https:\/\/hymashop.com\/wp-content\/uploads\/2023\/02\/Maha_.jpg","type":"image\/jpeg"}],"twitter_card":"summary_large_image","twitter_site":"@HymaAcademy","twitter_misc":{"Dur\u00e9e de lecture estim\u00e9e":"1 minute"},"schema":{"@context":"https:\/\/schema.org","@graph":[{"@type":"WebPage","@id":"https:\/\/hymashop.com\/shop\/new-arrivals\/maha\/","url":"https:\/\/hymashop.com\/shop\/new-arrivals\/maha\/","name":"Maha - HYMA Shop","isPartOf":{"@id":"https:\/\/hymashop.com\/#website"},"primaryImageOfPage":{"@id":"https:\/\/hymashop.com\/shop\/new-arrivals\/maha\/#primaryimage"},"image":{"@id":"https:\/\/hymashop.com\/shop\/new-arrivals\/maha\/#primaryimage"},"thumbnailUrl":"https:\/\/hymashop.com\/wp-content\/uploads\/2023\/02\/Maha_.jpg","datePublished":"2023-02-04T00:56:55+00:00","dateModified":"2025-08-28T12:19:37+00:00","description":"Un store de tr\u00e8s petites perles enfil\u00e9es dans un bracelet de cheville. Cet ensemble de bracelets de cheville 5 en 1 peut \u00eatre port\u00e9 ensemble comme on le voit sur la photo ou en simple.","breadcrumb":{"@id":"https:\/\/hymashop.com\/shop\/new-arrivals\/maha\/#breadcrumb"},"inLanguage":"fr-FR","potentialAction":[{"@type":"ReadAction","target":["https:\/\/hymashop.com\/shop\/new-arrivals\/maha\/"]}]},{"@type":"ImageObject","inLanguage":"fr-FR","@id":"https:\/\/hymashop.com\/shop\/new-arrivals\/maha\/#primaryimage","url":"https:\/\/hymashop.com\/wp-content\/uploads\/2023\/02\/Maha_.jpg","contentUrl":"https:\/\/hymashop.com\/wp-content\/uploads\/2023\/02\/Maha_.jpg","width":720,"height":720},{"@type":"BreadcrumbList","@id":"https:\/\/hymashop.com\/shop\/new-arrivals\/maha\/#breadcrumb","itemListElement":[{"@type":"ListItem","position":1,"name":"Home","item":"https:\/\/hymashop.com\/"},{"@type":"ListItem","position":2,"name":"Shop","item":"https:\/\/hymashop.com\/fr\/shop\/"},{"@type":"ListItem","position":3,"name":"Maha"}]},{"@type":"WebSite","@id":"https:\/\/hymashop.com\/#website","url":"https:\/\/hymashop.com\/","name":"Boutique HYMA","description":"Online shop for HYMA Accessories","publisher":{"@id":"https:\/\/hymashop.com\/#organization"},"potentialAction":[{"@type":"SearchAction","target":{"@type":"EntryPoint","urlTemplate":"https:\/\/hymashop.com\/?s={search_term_string}"},"query-input":{"@type":"PropertyValueSpecification","valueRequired":true,"valueName":"search_term_string"}}],"inLanguage":"fr-FR"},{"@type":"Organization","@id":"https:\/\/hymashop.com\/#organization","name":"Boutique HYMA","url":"https:\/\/hymashop.com\/","logo":{"@type":"ImageObject","inLanguage":"fr-FR","@id":"https:\/\/hymashop.com\/#\/schema\/logo\/image\/","url":"https:\/\/hymashop.com\/wp-content\/uploads\/2022\/10\/HYMA-web-logo-e1665865478458.png","contentUrl":"https:\/\/hymashop.com\/wp-content\/uploads\/2022\/10\/HYMA-web-logo-e1665865478458.png","width":2088,"height":720,"caption":"HYMA Shop"},"image":{"@id":"https:\/\/hymashop.com\/#\/schema\/logo\/image\/"},"sameAs":["https:\/\/web.facebook.com\/people\/HYMA-Accessories\/100063648482834\/","https:\/\/x.com\/HymaAcademy"]}]}},"_links":{"self":[{"href":"https:\/\/hymashop.com\/fr\/wp-json\/wp\/v2\/product\/712","targetHints":{"allow":["GET"]}}],"collection":[{"href":"https:\/\/hymashop.com\/fr\/wp-json\/wp\/v2\/product"}],"about":[{"href":"https:\/\/hymashop.com\/fr\/wp-json\/wp\/v2\/types\/product"}],"replies":[{"embeddable":true,"href":"https:\/\/hymashop.com\/fr\/wp-json\/wp\/v2\/comments?post=712"}],"wp:featuredmedia":[{"embeddable":true,"href":"https:\/\/hymashop.com\/fr\/wp-json\/wp\/v2\/media\/713"}],"wp:attachment":[{"href":"https:\/\/hymashop.com\/fr\/wp-json\/wp\/v2\/media?parent=712"}],"wp:term":[{"taxonomy":"product_brand","embeddable":true,"href":"https:\/\/hymashop.com\/fr\/wp-json\/wp\/v2\/product_brand?post=712"},{"taxonomy":"product_cat","embeddable":true,"href":"https:\/\/hymashop.com\/fr\/wp-json\/wp\/v2\/product_cat?post=712"},{"taxonomy":"product_tag","embeddable":true,"href":"https:\/\/hymashop.com\/fr\/wp-json\/wp\/v2\/product_tag?post=712"}],"curies":[{"name":"wp","href":"https:\/\/api.w.org\/{rel}","templated":true}]}}